{"id":711,"date":"2025-01-17T14:18:59","date_gmt":"2025-01-17T14:18:59","guid":{"rendered":"https:\/\/calltechoutsourcing.com\/contact\/"},"modified":"2025-03-27T16:28:54","modified_gmt":"2025-03-27T16:28:54","slug":"contact","status":"publish","type":"page","link":"https:\/\/calltechoutsourcing.com\/uk\/contact\/","title":{"rendered":"\u041a\u043e\u043d\u0442\u0430\u043a\u0442\u0438"},"content":{"rendered":"\t\t<div data-elementor-type=\"wp-page\" data-elementor-id=\"711\" class=\"elementor elementor-711 elementor-21\" data-elementor-post-type=\"page\">\n\t\t\t\t<div class=\"elementor-element elementor-element-462e4a0 e-flex e-con-boxed e-con e-parent\" data-id=\"462e4a0\" data-element_type=\"container\" data-e-type=\"container\" data-settings=\"{&quot;jet_parallax_layout_list&quot;:[]}\">\n\t\t\t\t\t<div class=\"e-con-inner\">\n\t\t\t\t<div class=\"elementor-element elementor-element-bde9556 elementor-widget elementor-widget-heading\" data-id=\"bde9556\" data-element_type=\"widget\" data-e-type=\"widget\" data-widget_type=\"heading.default\">\n\t\t\t\t<div class=\"elementor-widget-container\">\n\t\t\t\t\t<span class=\"elementor-heading-title elementor-size-default\">\u0417\u0432'\u044f\u0436\u0456\u0442\u044c\u0441\u044f \u0437 \u043d\u0430\u0448\u0438\u043c \u0431\u0430\u0433\u0430\u0442\u043e\u043c\u043e\u0432\u043d\u0438\u043c \u043a\u043e\u043d\u0442\u0430\u043a\u0442-\u0446\u0435\u043d\u0442\u0440\u043e\u043c<\/span>\t\t\t\t<\/div>\n\t\t\t\t<\/div>\n\t\t\t\t\t<\/div>\n\t\t\t\t<\/div>\n\t\t<div class=\"elementor-element elementor-element-93609d4 e-flex e-con-boxed e-con e-parent\" data-id=\"93609d4\" data-element_type=\"container\" data-e-type=\"container\" data-settings=\"{&quot;jet_parallax_layout_list&quot;:[]}\">\n\t\t\t\t\t<div class=\"e-con-inner\">\n\t\t<div class=\"elementor-element elementor-element-32eda14 e-con-full e-flex e-con e-child\" data-id=\"32eda14\" data-element_type=\"container\" data-e-type=\"container\" data-settings=\"{&quot;jet_parallax_layout_list&quot;:[]}\">\n\t\t\t\t<div class=\"elementor-element elementor-element-a8e58fc elementor-widget elementor-widget-heading\" data-id=\"a8e58fc\" data-element_type=\"widget\" data-e-type=\"widget\" data-widget_type=\"heading.default\">\n\t\t\t\t<div class=\"elementor-widget-container\">\n\t\t\t\t\t<span class=\"elementor-heading-title elementor-size-default\">\u0411\u0443\u0434\u044c \u043b\u0430\u0441\u043a\u0430, \u0437\u0430\u043f\u043e\u0432\u043d\u0456\u0442\u044c \u0444\u043e\u0440\u043c\u0443 \u0456\u0437 \u0432\u0430\u0448\u0438\u043c \u0437\u0430\u043f\u0438\u0442\u043e\u043c, \u0456 \u043c\u0438 \u0437\u0432\u2019\u044f\u0436\u0435\u043c\u043e\u0441\u044f \u0437 \u0432\u0430\u043c\u0438 \u043d\u0430\u0439\u0431\u043b\u0438\u0436\u0447\u0438\u043c \u0447\u0430\u0441\u043e\u043c.<\/span>\t\t\t\t<\/div>\n\t\t\t\t<\/div>\n\t\t\t\t<div class=\"elementor-element elementor-element-a62d0a1 elementor-widget elementor-widget-contact-form-7\" data-id=\"a62d0a1\" data-element_type=\"widget\" data-e-type=\"widget\" data-widget_type=\"contact-form-7.default\">\n\t\t\t\t<div class=\"elementor-widget-container\">\n\t\t\t\t\t<div class=\"elementor-contact-form-7 jet-elements\">\n<div class=\"wpcf7 no-js\" id=\"wpcf7-f576-o1\" lang=\"uk\" dir=\"ltr\" data-wpcf7-id=\"576\">\n<div class=\"screen-reader-response\"><p role=\"status\" aria-live=\"polite\" aria-atomic=\"true\"><\/p> <ul><\/ul><\/div>\n<form action=\"\/uk\/wp-json\/wp\/v2\/pages\/711#wpcf7-f576-o1\" method=\"post\" class=\"wpcf7-form init\" aria-label=\"\u041a\u043e\u043d\u0442\u0430\u043a\u0442\u043d\u0430 \u0444\u043e\u0440\u043c\u0430\" novalidate=\"novalidate\" data-status=\"init\">\n<fieldset class=\"hidden-fields-container\"><input type=\"hidden\" name=\"_wpcf7\" value=\"576\" \/><input type=\"hidden\" name=\"_wpcf7_version\" value=\"6.1.5\" \/><input type=\"hidden\" name=\"_wpcf7_locale\" value=\"uk\" \/><input type=\"hidden\" name=\"_wpcf7_unit_tag\" value=\"wpcf7-f576-o1\" \/><input type=\"hidden\" name=\"_wpcf7_container_post\" value=\"0\" \/><input type=\"hidden\" name=\"_wpcf7_posted_data_hash\" value=\"\" \/>\n<\/fieldset>\n<p>\u0406\u043c\u02bc\u044f\n<\/p>\n<div style=\"display: flex;justify-content: space-between;\">\n\t<div style=\"width: 49%\">\n\t\t<p><span class=\"wpcf7-form-control-wrap\" data-name=\"your-name\"><input size=\"40\" maxlength=\"400\" class=\"wpcf7-form-control wpcf7-text wpcf7-validates-as-required\" aria-required=\"true\" aria-invalid=\"false\" placeholder=\"\u0406\u043c\u02bc\u044f\" value=\"\" type=\"text\" name=\"your-name\" \/><\/span>\n\t\t<\/p>\n\t<\/div>\n\t<div style=\"width: 49%\">\n\t\t<p><span class=\"wpcf7-form-control-wrap\" data-name=\"your-last\"><input size=\"40\" maxlength=\"400\" class=\"wpcf7-form-control wpcf7-text wpcf7-validates-as-required\" aria-required=\"true\" aria-invalid=\"false\" placeholder=\"\u041f\u0440\u0456\u0437\u0432\u0438\u0449\u0435\" value=\"\" type=\"text\" name=\"your-last\" \/><\/span>\n\t\t<\/p>\n\t<\/div>\n<\/div>\n<p><span>\u0412\u0430\u0448 email<\/span><br \/>\n<span class=\"wpcf7-form-control-wrap\" data-name=\"your-email\"><input size=\"40\" maxlength=\"400\" class=\"wpcf7-form-control wpcf7-email wpcf7-validates-as-required wpcf7-text wpcf7-validates-as-email\" aria-required=\"true\" aria-invalid=\"false\" placeholder=\"Email\" value=\"\" type=\"email\" name=\"your-email\" \/><\/span>\n<\/p>\n<p><span>\u0412\u0430\u0448 \u0442\u0435\u043b\u0435\u0444\u043e\u043d<\/span><br \/>\n<span class=\"wpcf7-form-control-wrap\" data-name=\"tel-698\"><input size=\"40\" maxlength=\"400\" class=\"wpcf7-form-control wpcf7-tel wpcf7-validates-as-required wpcf7-text wpcf7-validates-as-tel\" aria-required=\"true\" aria-invalid=\"false\" placeholder=\"\u0422\u0435\u043b\u0435\u0444\u043e\u043d\" value=\"\" type=\"tel\" name=\"tel-698\" \/><\/span>\n<\/p>\n<p><span>\u041d\u0430\u043f\u0438\u0448\u0456\u0442\u044c \u0432\u0430\u0448 \u0437\u0430\u043f\u0438\u0442<\/span><br \/>\n<span class=\"wpcf7-form-control-wrap\" data-name=\"your-message\"><textarea cols=\"40\" rows=\"10\" maxlength=\"2000\" class=\"wpcf7-form-control wpcf7-textarea\" aria-invalid=\"false\" placeholder=\"\u041d\u0430\u043f\u0438\u0448\u0456\u0442\u044c \u0432\u0430\u0448 \u0437\u0430\u043f\u0438\u0442\" name=\"your-message\"><\/textarea><\/span>\n<\/p>\n<p><input class=\"wpcf7-form-control wpcf7-submit has-spinner\" type=\"submit\" value=\"\u041d\u0430\u0434\u0456\u0441\u043b\u0430\u0442\u0438\" \/>\n<\/p><div class=\"wpcf7-response-output\" aria-hidden=\"true\"><\/div>\n<\/form>\n<\/div>\n<\/div>\t\t\t\t<\/div>\n\t\t\t\t<\/div>\n\t\t\t\t<\/div>\n\t\t<div class=\"elementor-element elementor-element-10829b4 e-con-full e-flex e-con e-child\" data-id=\"10829b4\" data-element_type=\"container\" data-e-type=\"container\" data-settings=\"{&quot;jet_parallax_layout_list&quot;:[]}\">\n\t\t\t\t<div class=\"elementor-element elementor-element-095f07c elementor-widget elementor-widget-image\" data-id=\"095f07c\" data-element_type=\"widget\" data-e-type=\"widget\" data-widget_type=\"image.default\">\n\t\t\t\t<div class=\"elementor-widget-container\">\n\t\t\t\t\t\t\t\t\t\t\t\t\t\t\t<img fetchpriority=\"high\" decoding=\"async\" width=\"1143\" height=\"763\" src=\"https:\/\/calltechoutsourcing.com\/wp-content\/uploads\/2025\/01\/\u0414\u0438\u0437\u0430\u0438\u0306\u043d-\u0431\u0435\u0437-\u043d\u0430sds\u0437\u0446\u0430\u0446\u0430\u0432\u0430\u043d\u0438\u044f.jpg\" class=\"attachment-full size-full wp-image-219\" alt=\"\" srcset=\"https:\/\/calltechoutsourcing.com\/wp-content\/uploads\/2025\/01\/\u0414\u0438\u0437\u0430\u0438\u0306\u043d-\u0431\u0435\u0437-\u043d\u0430sds\u0437\u0446\u0430\u0446\u0430\u0432\u0430\u043d\u0438\u044f.jpg 1143w, https:\/\/calltechoutsourcing.com\/wp-content\/uploads\/2025\/01\/\u0414\u0438\u0437\u0430\u0438\u0306\u043d-\u0431\u0435\u0437-\u043d\u0430sds\u0437\u0446\u0430\u0446\u0430\u0432\u0430\u043d\u0438\u044f-300x200.jpg 300w, https:\/\/calltechoutsourcing.com\/wp-content\/uploads\/2025\/01\/\u0414\u0438\u0437\u0430\u0438\u0306\u043d-\u0431\u0435\u0437-\u043d\u0430sds\u0437\u0446\u0430\u0446\u0430\u0432\u0430\u043d\u0438\u044f-1024x684.jpg 1024w, https:\/\/calltechoutsourcing.com\/wp-content\/uploads\/2025\/01\/\u0414\u0438\u0437\u0430\u0438\u0306\u043d-\u0431\u0435\u0437-\u043d\u0430sds\u0437\u0446\u0430\u0446\u0430\u0432\u0430\u043d\u0438\u044f-768x513.jpg 768w\" sizes=\"(max-width: 1143px) 100vw, 1143px\" \/>\t\t\t\t\t\t\t\t\t\t\t\t\t\t\t<\/div>\n\t\t\t\t<\/div>\n\t\t\t\t<div class=\"elementor-element elementor-element-c0fbd67 elementor-widget elementor-widget-heading\" data-id=\"c0fbd67\" data-element_type=\"widget\" data-e-type=\"widget\" data-widget_type=\"heading.default\">\n\t\t\t\t<div class=\"elementor-widget-container\">\n\t\t\t\t\t<span class=\"elementor-heading-title elementor-size-default\">\u0417\u0432'\u044f\u0436\u0456\u0442\u044c\u0441\u044f \u0437 \u043d\u0430\u043c\u0438<\/span>\t\t\t\t<\/div>\n\t\t\t\t<\/div>\n\t\t\t\t<div class=\"elementor-element elementor-element-129c5aa elementor-icon-list--layout-traditional elementor-list-item-link-full_width elementor-widget elementor-widget-icon-list\" data-id=\"129c5aa\" data-element_type=\"widget\" data-e-type=\"widget\" data-widget_type=\"icon-list.default\">\n\t\t\t\t<div class=\"elementor-widget-container\">\n\t\t\t\t\t\t\t<ul class=\"elementor-icon-list-items\">\n\t\t\t\t\t\t\t<li class=\"elementor-icon-list-item\">\n\t\t\t\t\t\t\t\t\t\t\t<a href=\"tel:+380679691772\">\n\n\t\t\t\t\t\t\t\t\t\t\t\t<span class=\"elementor-icon-list-icon\">\n\t\t\t\t\t\t\t<svg xmlns=\"http:\/\/www.w3.org\/2000\/svg\" width=\"16\" height=\"17\" viewBox=\"0 0 16 17\" fill=\"none\"><g id=\"material-symbols-light:phone-android-sharp\"><path id=\"Vector\" d=\"M6.82 13.6026H9.18V13.0893H6.82V13.6026ZM4 15.1666V1.83325H12V15.1666H4ZM4.66667 11.5253H11.3333V4.16659H4.66667V11.5253Z\" fill=\"#3AA9FE\"><\/path><\/g><\/svg>\t\t\t\t\t\t<\/span>\n\t\t\t\t\t\t\t\t\t\t<span class=\"elementor-icon-list-text\">+38 (067) 969 1772<\/span>\n\t\t\t\t\t\t\t\t\t\t\t<\/a>\n\t\t\t\t\t\t\t\t\t<\/li>\n\t\t\t\t\t\t\t\t<li class=\"elementor-icon-list-item\">\n\t\t\t\t\t\t\t\t\t\t\t<a href=\"tel:+442039303986\">\n\n\t\t\t\t\t\t\t\t\t\t\t\t<span class=\"elementor-icon-list-icon\">\n\t\t\t\t\t\t\t<svg xmlns=\"http:\/\/www.w3.org\/2000\/svg\" width=\"16\" height=\"17\" viewBox=\"0 0 16 17\" fill=\"none\"><g id=\"material-symbols-light:phone-android-sharp\"><path id=\"Vector\" d=\"M6.82 13.6026H9.18V13.0893H6.82V13.6026ZM4 15.1666V1.83325H12V15.1666H4ZM4.66667 11.5253H11.3333V4.16659H4.66667V11.5253Z\" fill=\"#3AA9FE\"><\/path><\/g><\/svg>\t\t\t\t\t\t<\/span>\n\t\t\t\t\t\t\t\t\t\t<span class=\"elementor-icon-list-text\">+44 203 930 39 86<\/span>\n\t\t\t\t\t\t\t\t\t\t\t<\/a>\n\t\t\t\t\t\t\t\t\t<\/li>\n\t\t\t\t\t\t\t\t<li class=\"elementor-icon-list-item\">\n\t\t\t\t\t\t\t\t\t\t\t<a href=\"tel:+18452131678\">\n\n\t\t\t\t\t\t\t\t\t\t\t\t<span class=\"elementor-icon-list-icon\">\n\t\t\t\t\t\t\t<svg xmlns=\"http:\/\/www.w3.org\/2000\/svg\" width=\"16\" height=\"17\" viewBox=\"0 0 16 17\" fill=\"none\"><g id=\"material-symbols-light:phone-android-sharp\"><path id=\"Vector\" d=\"M6.82 13.6026H9.18V13.0893H6.82V13.6026ZM4 15.1666V1.83325H12V15.1666H4ZM4.66667 11.5253H11.3333V4.16659H4.66667V11.5253Z\" fill=\"#3AA9FE\"><\/path><\/g><\/svg>\t\t\t\t\t\t<\/span>\n\t\t\t\t\t\t\t\t\t\t<span class=\"elementor-icon-list-text\">+1 845 213 16 78<\/span>\n\t\t\t\t\t\t\t\t\t\t\t<\/a>\n\t\t\t\t\t\t\t\t\t<\/li>\n\t\t\t\t\t\t\t\t<li class=\"elementor-icon-list-item\">\n\t\t\t\t\t\t\t\t\t\t\t<a href=\"https:\/\/www.facebook.com\/CallTechOutsourcing\" rel=\"nofollow noopener\" target=\"_blank\">\n\n\t\t\t\t\t\t\t\t\t\t\t\t<span class=\"elementor-icon-list-icon\">\n\t\t\t\t\t\t\t<svg xmlns=\"http:\/\/www.w3.org\/2000\/svg\" width=\"16\" height=\"17\" viewBox=\"0 0 16 17\" fill=\"none\"><g id=\"mdi:facebook\"><path id=\"Vector\" d=\"M8.00004 1.86011C4.33337 1.86011 1.33337 4.85344 1.33337 8.54011C1.33337 11.8734 3.77337 14.6401 6.96004 15.1401V10.4734H5.26671V8.54011H6.96004V7.06677C6.96004 5.39344 7.95337 4.47344 9.48004 4.47344C10.2067 4.47344 10.9667 4.60011 10.9667 4.60011V6.24677H10.1267C9.30004 6.24677 9.04004 6.76011 9.04004 7.28677V8.54011H10.8934L10.5934 10.4734H9.04004V15.1401C10.611 14.892 12.0415 14.0905 13.0733 12.8801C14.1051 11.6698 14.6703 10.1305 14.6667 8.54011C14.6667 4.85344 11.6667 1.86011 8.00004 1.86011Z\" fill=\"#3AA9FE\"><\/path><\/g><\/svg>\t\t\t\t\t\t<\/span>\n\t\t\t\t\t\t\t\t\t\t<span class=\"elementor-icon-list-text\">CallTech Facebook<\/span>\n\t\t\t\t\t\t\t\t\t\t\t<\/a>\n\t\t\t\t\t\t\t\t\t<\/li>\n\t\t\t\t\t\t\t\t<li class=\"elementor-icon-list-item\">\n\t\t\t\t\t\t\t\t\t\t\t<a href=\"mailto:info@calltechoutsourcing.com\">\n\n\t\t\t\t\t\t\t\t\t\t\t\t<span class=\"elementor-icon-list-icon\">\n\t\t\t\t\t\t\t<svg xmlns=\"http:\/\/www.w3.org\/2000\/svg\" width=\"16\" height=\"17\" viewBox=\"0 0 16 17\" fill=\"none\"><g id=\"material-symbols-light:mail-sharp\"><path id=\"Vector\" d=\"M2 13.1666V3.83325H14V13.1666H2ZM8 8.57725L13.3333 5.08992V4.49992L8 7.83325L2.66667 4.49992V5.08992L8 8.57725Z\" fill=\"#3AA9FE\"><\/path><\/g><\/svg>\t\t\t\t\t\t<\/span>\n\t\t\t\t\t\t\t\t\t\t<span class=\"elementor-icon-list-text\">info@calltechoutsourcing.com<\/span>\n\t\t\t\t\t\t\t\t\t\t\t<\/a>\n\t\t\t\t\t\t\t\t\t<\/li>\n\t\t\t\t\t\t<\/ul>\n\t\t\t\t\t\t<\/div>\n\t\t\t\t<\/div>\n\t\t\t\t<\/div>\n\t\t\t\t\t<\/div>\n\t\t\t\t<\/div>\n\t\t\t\t<\/div>\n\t\t","protected":false},"excerpt":{"rendered":"<p>\u0417\u0432&#8217;\u044f\u0436\u0456\u0442\u044c\u0441\u044f \u0437 \u043d\u0430\u0448\u0438\u043c \u0431\u0430\u0433\u0430\u0442\u043e\u043c\u043e\u0432\u043d\u0438\u043c \u043a\u043e\u043d\u0442\u0430\u043a\u0442-\u0446\u0435\u043d\u0442\u0440\u043e\u043c \u0411\u0443\u0434\u044c \u043b\u0430\u0441\u043a\u0430, \u0437\u0430\u043f\u043e\u0432\u043d\u0456\u0442\u044c \u0444\u043e\u0440\u043c\u0443 \u0456\u0437 \u0432\u0430\u0448\u0438\u043c \u0437\u0430\u043f\u0438\u0442\u043e\u043c, \u0456 \u043c\u0438 \u0437\u0432\u2019\u044f\u0436\u0435\u043c\u043e\u0441\u044f \u0437 \u0432\u0430\u043c\u0438 \u043d\u0430\u0439\u0431\u043b\u0438\u0436\u0447\u0438\u043c \u0447\u0430\u0441\u043e\u043c. Nombre Tu correo electr\u00f3nico Tel\u00e9fono Escriba su solicitud aqu\u00ed \u0417\u0432&#8217;\u044f\u0436\u0456\u0442\u044c\u0441\u044f \u0437 \u043d\u0430\u043c\u0438 +38 (067) 969 1772 +44 203 930 39 86 +1 845 213 16 78 CallTech Facebook info@calltechoutsourcing.com<\/p>\n","protected":false},"author":1,"featured_media":0,"parent":0,"menu_order":0,"comment_status":"closed","ping_status":"closed","template":"elementor_header_footer","meta":{"footnotes":""},"class_list":["post-711","page","type-page","status-publish","hentry"],"_links":{"self":[{"href":"https:\/\/calltechoutsourcing.com\/uk\/wp-json\/wp\/v2\/pages\/711","targetHints":{"allow":["GET"]}}],"collection":[{"href":"https:\/\/calltechoutsourcing.com\/uk\/wp-json\/wp\/v2\/pages"}],"about":[{"href":"https:\/\/calltechoutsourcing.com\/uk\/wp-json\/wp\/v2\/types\/page"}],"author":[{"embeddable":true,"href":"https:\/\/calltechoutsourcing.com\/uk\/wp-json\/wp\/v2\/users\/1"}],"replies":[{"embeddable":true,"href":"https:\/\/calltechoutsourcing.com\/uk\/wp-json\/wp\/v2\/comments?post=711"}],"version-history":[{"count":8,"href":"https:\/\/calltechoutsourcing.com\/uk\/wp-json\/wp\/v2\/pages\/711\/revisions"}],"predecessor-version":[{"id":1744,"href":"https:\/\/calltechoutsourcing.com\/uk\/wp-json\/wp\/v2\/pages\/711\/revisions\/1744"}],"wp:attachment":[{"href":"https:\/\/calltechoutsourcing.com\/uk\/wp-json\/wp\/v2\/media?parent=711"}],"curies":[{"name":"wp","href":"https:\/\/api.w.org\/{rel}","templated":true}]}}